{"id":982,"date":"2024-10-19T22:08:32","date_gmt":"2024-10-19T19:08:32","guid":{"rendered":"https:\/\/tudengisatelliit.ee\/?page_id=982"},"modified":"2025-11-23T10:46:40","modified_gmt":"2025-11-23T08:46:40","slug":"suts","status":"publish","type":"page","link":"https:\/\/tudengisatelliit.ee\/et\/suts\/","title":{"rendered":"SUTS"},"content":{"rendered":"<p class=\"wp-block-paragraph\">2023. aastast on Tudengisatelliidil k\u00e4imas projekt SUTS ehk Strateegiiste Uuenduste Testimise Satelliit. Antud projekti k\u00e4igus kasutatakse ESTCube satelliitide ning TalTech Koit ja H\u00e4marik arendamisel loodud teadmisi, et ehitada Eestis esmakordne \u00fcliminiatuurne kolme\u00fchikuline pikosatelliit, mille m\u00f5\u00f5tmed on ainult 5 x 5 x 17,8 cm. SUTS on Eesti k\u00f5ige v\u00e4iksem, ent v\u00e4ga v\u00f5imekas satelliit, mis pakub tudengitele vajalikke oskusi tehnoloogia miniaturiseerimises ning t\u00f6\u00f6kindlate insenertehniliste lahenduste loomises.<\/p>\n\n\n\n<p class=\"wp-block-paragraph\">SUTS projekti raames \u00fchendame k\u00f5ik Eesti kosmosehuvilised noored sama projekti juurde ning l\u00f5peb \u00fclikoolide omavaheline konkureerimine satelliidiprojektides. Tudengisatelliit pakub SUTS projektis kogemusi ning \u00fclesandeid nii eri \u00fclikoolide, k\u00f5gkoolide, kui keskkoolide \u00f5pilastele.<\/p>\n\n\n\n<p class=\"wp-block-paragraph\">Satelliidi arendamine on unikaalne kogemus insenerioskuste arendamisel, sest Maa orbiidile saadetuna ei ole v\u00f5imalik satelliiti enam parandada ega hooldada. Selle asemel tuleb ehitada v\u00e4ga t\u00f6\u00f6kindel riistvara ja pardaarvuti, mida on ainult l\u00e4bi tarkvarauuenduste v\u00f5imalik t\u00e4iustada. Oskus luua t\u00f6\u00f6kindlat riistvara ja tarkvara on Eesti j\u00e4rgmise p\u00f5lvkonna inseneride jaoks asendamatu v\u00e4\u00e4rtus. Varasemate satelliidipojektide kogemusele tuginedes oodatakse SUTSu projektis osalema aastate jooksul \u00fcle saja inseneritudengi erinevatest Eesti \u00fclikoolidest.<\/p>\n\n\n\n<p class=\"wp-block-paragraph\"><strong>Satelliidi SUTS teaduslik missioon<\/strong><\/p>\n\n\n\n<p class=\"wp-block-paragraph\">SUTSu platvorm v\u00f5imaldab testida kosmoses uuenduslikke tehnoloogiaid, mille katsetamist ei saa Maal t\u00e4ielikult simuleerida. Eesti s\u00fcvatehnoloogiaettev\u00f5tete ja -teadlaste poolt v\u00e4lja t\u00f6\u00f6tatud satelliidi tehnoloogilised lastid h\u00f5lmavad j\u00e4rgmist:<\/p>\n\n\n\n<ol class=\"wp-block-list\">\n<li>Kr\u00fcpteeritud optiline side (vastutavad ettev\u00f5tted Skudo ja Golbriak Space)<\/li>\n<\/ol>\n\n\n\n<p class=\"wp-block-paragraph\">SUTS arendab l\u00e4bi Skudo ja Golbriak Space\u2019i optilise saatja sidetehnoloogiaid ja k\u00fcberturvalisust kosmoses. Kaitse- ja telekommunikatsioonisatelliitide jaoks on \u00fclioluline v\u00e4ltida nende andmete ja tehnoloogiate sattumist valedesse k\u00e4tesse, seega peab satelliidi omanik s\u00e4ilitama ainukontrolli saadetavate andmete \u00fcle. Tavaliselt kasutatakse satelliitide sides raadiosagedusi, mis saadetakse satelliidilt suhteliselt suurele maa-alale, kus v\u00f5ivad paikneda ka pahatahtlikud vastuv\u00f5tujaamad. Laseri kitsas kiir (optiline side) tagab, et satelliidi andmeid saab vastu v\u00f5tta ja kasutada ainult andmete omanik v\u00e4ga kitsal maa-alal. Lisaks v\u00f5imaldab spetsiaalne FPGA-kiip riistvarap\u00f5hist kr\u00fcpteerimist. See tehnoloogiate kombinatsioon on esmakordne ja tugevdab tulevaste satelliitide turvalisust. Lisaks on kavandatud side palju kiirem, kuna see kasutab traditsioonilise raadioside asemel infrapunakiirgust, mis v\u00f5imaldab 10\u2013100 korda suuremaid andmeedastuskiiruseid, v\u00f5rreldes raadiosidega.<\/p>\n\n\n\n<ol start=\"2\" class=\"wp-block-list\">\n<li>Kuu regoliidist valmistatud p\u00e4ikesepaneel (vastutab Tallinna Tehnika\u00fclikooli teadusr\u00fchm koos Euroopa Kosmoseagentuuriga)<\/li>\n<\/ol>\n\n\n\n<p class=\"wp-block-paragraph\">Tehnika\u00fclikooli uurimisr\u00fchm p\u00e4ikeseenergia materjalide uurimislaboris arendab koost\u00f6\u00f6s Euroopa Kosmoseagentuuriga v\u00e4lja tehnoloogiat p\u00fcriidist p\u00e4ikesepaneelide valmistamiseks Kuul leiduvatest materjalidest. P\u00e4ikesepaneeli esimene testimine reaalsetes kosmosetingimustes on plaanitud satelliidil SUTS. \u00dcliodava p\u00fcriidi kasutamisel tavap\u00e4rase r\u00e4ni asemel on palju eeliseid ka maapealsetes rakendustes, n\u00e4iteks p\u00e4ikesepaneelide soodsam hind ning v\u00e4iksem negatiivne keskkonnam\u00f5ju paneelide tootmisel.<\/p>\n\n\n\n<p class=\"wp-block-paragraph\"><em>Projekti rahastatakse riigieelarvest teadus- ja arendustegevuse rahastamise vahenditest. \u00dcli\u00f5pilaste inseneri valdkonna arendusprojektide toetuse raames on 2025. aastal Eesti Tudengisatelliidi Sihtasutus saanud toetuse 100 000 \u20ac projekti \u201eTudengisatelliidi SUTS juhtmooduli valmistamine ja testimine\u201c elluviimiseks.<\/em><\/p>\n\n\n\n<div style=\"height:40px\" aria-hidden=\"true\" class=\"wp-block-spacer\"><\/div>\n\n\n\n<div class=\"wp-block-group has-accent-5-background-color has-background is-content-justification-center is-nowrap is-layout-flex wp-container-core-group-is-layout-970a1829 wp-block-group-is-layout-flex\" style=\"padding-top:var(--wp--preset--spacing--20);padding-bottom:var(--wp--preset--spacing--20)\">\n<figure class=\"wp-block-image size-full\"><img data-recalc-dims=\"1\" fetchpriority=\"high\" decoding=\"async\" width=\"568\" height=\"288\" data-attachment-id=\"1575\" data-permalink=\"https:\/\/tudengisatelliit.ee\/et\/suts\/eis-valge-5\/\" data-orig-file=\"https:\/\/i0.wp.com\/tudengisatelliit.ee\/wp-content\/uploads\/2025\/04\/eis-Valge-2.png?fit=568%2C288&amp;ssl=1\" data-orig-size=\"568,288\" data-comments-opened=\"1\" data-image-meta=\"{&quot;aperture&quot;:&quot;0&quot;,&quot;credit&quot;:&quot;&quot;,&quot;camera&quot;:&quot;&quot;,&quot;caption&quot;:&quot;&quot;,&quot;created_timestamp&quot;:&quot;0&quot;,&quot;copyright&quot;:&quot;&quot;,&quot;focal_length&quot;:&quot;0&quot;,&quot;iso&quot;:&quot;0&quot;,&quot;shutter_speed&quot;:&quot;0&quot;,&quot;title&quot;:&quot;&quot;,&quot;orientation&quot;:&quot;0&quot;}\" data-image-title=\"eis-Valge\" data-image-description=\"\" data-image-caption=\"\" data-large-file=\"https:\/\/i0.wp.com\/tudengisatelliit.ee\/wp-content\/uploads\/2025\/04\/eis-Valge-2.png?fit=568%2C288&amp;ssl=1\" src=\"https:\/\/i0.wp.com\/tudengisatelliit.ee\/wp-content\/uploads\/2025\/04\/eis-Valge-2.png?resize=568%2C288&#038;ssl=1\" alt=\"\" class=\"wp-image-1575\" srcset=\"https:\/\/i0.wp.com\/tudengisatelliit.ee\/wp-content\/uploads\/2025\/04\/eis-Valge-2.png?w=568&amp;ssl=1 568w, https:\/\/i0.wp.com\/tudengisatelliit.ee\/wp-content\/uploads\/2025\/04\/eis-Valge-2.png?resize=300%2C152&amp;ssl=1 300w\" sizes=\"(max-width: 568px) 100vw, 568px\" \/><\/figure>\n\n\n\n<figure class=\"wp-block-image size-large\"><img data-recalc-dims=\"1\" decoding=\"async\" width=\"1024\" height=\"381\" data-attachment-id=\"1576\" data-permalink=\"https:\/\/tudengisatelliit.ee\/et\/suts\/majandusmin_3lovi_eng-2\/\" data-orig-file=\"https:\/\/i0.wp.com\/tudengisatelliit.ee\/wp-content\/uploads\/2025\/04\/majandusmin_3lovi_eng.png?fit=2031%2C756&amp;ssl=1\" data-orig-size=\"2031,756\" data-comments-opened=\"1\" data-image-meta=\"{&quot;aperture&quot;:&quot;0&quot;,&quot;credit&quot;:&quot;&quot;,&quot;camera&quot;:&quot;&quot;,&quot;caption&quot;:&quot;&quot;,&quot;created_timestamp&quot;:&quot;0&quot;,&quot;copyright&quot;:&quot;&quot;,&quot;focal_length&quot;:&quot;0&quot;,&quot;iso&quot;:&quot;0&quot;,&quot;shutter_speed&quot;:&quot;0&quot;,&quot;title&quot;:&quot;&quot;,&quot;orientation&quot;:&quot;0&quot;}\" data-image-title=\"majandusmin_3lovi_eng\" data-image-description=\"\" data-image-caption=\"\" data-large-file=\"https:\/\/i0.wp.com\/tudengisatelliit.ee\/wp-content\/uploads\/2025\/04\/majandusmin_3lovi_eng.png?fit=1024%2C381&amp;ssl=1\" src=\"https:\/\/i0.wp.com\/tudengisatelliit.ee\/wp-content\/uploads\/2025\/04\/majandusmin_3lovi_eng.png?resize=1024%2C381&#038;ssl=1\" alt=\"\" class=\"wp-image-1576\" srcset=\"https:\/\/i0.wp.com\/tudengisatelliit.ee\/wp-content\/uploads\/2025\/04\/majandusmin_3lovi_eng.png?resize=1024%2C381&amp;ssl=1 1024w, https:\/\/i0.wp.com\/tudengisatelliit.ee\/wp-content\/uploads\/2025\/04\/majandusmin_3lovi_eng.png?resize=300%2C112&amp;ssl=1 300w, https:\/\/i0.wp.com\/tudengisatelliit.ee\/wp-content\/uploads\/2025\/04\/majandusmin_3lovi_eng.png?resize=768%2C286&amp;ssl=1 768w, https:\/\/i0.wp.com\/tudengisatelliit.ee\/wp-content\/uploads\/2025\/04\/majandusmin_3lovi_eng.png?resize=1536%2C572&amp;ssl=1 1536w, https:\/\/i0.wp.com\/tudengisatelliit.ee\/wp-content\/uploads\/2025\/04\/majandusmin_3lovi_eng.png?resize=1200%2C447&amp;ssl=1 1200w, https:\/\/i0.wp.com\/tudengisatelliit.ee\/wp-content\/uploads\/2025\/04\/majandusmin_3lovi_eng.png?resize=1320%2C491&amp;ssl=1 1320w, https:\/\/i0.wp.com\/tudengisatelliit.ee\/wp-content\/uploads\/2025\/04\/majandusmin_3lovi_eng.png?w=2031&amp;ssl=1 2031w\" sizes=\"(max-width: 1000px) 100vw, 1000px\" \/><\/figure>\n\n\n\n<figure class=\"wp-block-image size-full is-resized wp-container-content-3b4e4270\"><img data-recalc-dims=\"1\" decoding=\"async\" width=\"402\" height=\"402\" data-attachment-id=\"1579\" data-permalink=\"https:\/\/tudengisatelliit.ee\/et\/suts\/logo_squared_2-2\/\" data-orig-file=\"https:\/\/i0.wp.com\/tudengisatelliit.ee\/wp-content\/uploads\/2025\/04\/logo_squared_2-1.png?fit=402%2C402&amp;ssl=1\" data-orig-size=\"402,402\" data-comments-opened=\"1\" data-image-meta=\"{&quot;aperture&quot;:&quot;0&quot;,&quot;credit&quot;:&quot;&quot;,&quot;camera&quot;:&quot;&quot;,&quot;caption&quot;:&quot;&quot;,&quot;created_timestamp&quot;:&quot;0&quot;,&quot;copyright&quot;:&quot;&quot;,&quot;focal_length&quot;:&quot;0&quot;,&quot;iso&quot;:&quot;0&quot;,&quot;shutter_speed&quot;:&quot;0&quot;,&quot;title&quot;:&quot;&quot;,&quot;orientation&quot;:&quot;0&quot;}\" data-image-title=\"logo_squared_2\" data-image-description=\"\" data-image-caption=\"\" data-large-file=\"https:\/\/i0.wp.com\/tudengisatelliit.ee\/wp-content\/uploads\/2025\/04\/logo_squared_2-1.png?fit=402%2C402&amp;ssl=1\" src=\"https:\/\/i0.wp.com\/tudengisatelliit.ee\/wp-content\/uploads\/2025\/04\/logo_squared_2-1.png?resize=402%2C402&#038;ssl=1\" alt=\"\" class=\"wp-image-1579\" style=\"width:134px;height:auto\" srcset=\"https:\/\/i0.wp.com\/tudengisatelliit.ee\/wp-content\/uploads\/2025\/04\/logo_squared_2-1.png?w=402&amp;ssl=1 402w, https:\/\/i0.wp.com\/tudengisatelliit.ee\/wp-content\/uploads\/2025\/04\/logo_squared_2-1.png?resize=300%2C300&amp;ssl=1 300w, https:\/\/i0.wp.com\/tudengisatelliit.ee\/wp-content\/uploads\/2025\/04\/logo_squared_2-1.png?resize=150%2C150&amp;ssl=1 150w, https:\/\/i0.wp.com\/tudengisatelliit.ee\/wp-content\/uploads\/2025\/04\/logo_squared_2-1.png?resize=400%2C400&amp;ssl=1 400w, https:\/\/i0.wp.com\/tudengisatelliit.ee\/wp-content\/uploads\/2025\/04\/logo_squared_2-1.png?resize=200%2C200&amp;ssl=1 200w\" sizes=\"(max-width: 402px) 100vw, 402px\" \/><\/figure>\n\n\n\n<figure class=\"wp-block-image size-full\"><img data-recalc-dims=\"1\" loading=\"lazy\" decoding=\"async\" width=\"834\" height=\"210\" data-attachment-id=\"1578\" data-permalink=\"https:\/\/tudengisatelliit.ee\/et\/suts\/skudo_logo_black-1-2\/\" data-orig-file=\"https:\/\/i0.wp.com\/tudengisatelliit.ee\/wp-content\/uploads\/2025\/04\/SKUDO_logo_black-1-1.png?fit=834%2C210&amp;ssl=1\" data-orig-size=\"834,210\" data-comments-opened=\"1\" data-image-meta=\"{&quot;aperture&quot;:&quot;0&quot;,&quot;credit&quot;:&quot;&quot;,&quot;camera&quot;:&quot;&quot;,&quot;caption&quot;:&quot;&quot;,&quot;created_timestamp&quot;:&quot;0&quot;,&quot;copyright&quot;:&quot;&quot;,&quot;focal_length&quot;:&quot;0&quot;,&quot;iso&quot;:&quot;0&quot;,&quot;shutter_speed&quot;:&quot;0&quot;,&quot;title&quot;:&quot;&quot;,&quot;orientation&quot;:&quot;0&quot;}\" data-image-title=\"SKUDO_logo_black (1)\" data-image-description=\"\" data-image-caption=\"\" data-large-file=\"https:\/\/i0.wp.com\/tudengisatelliit.ee\/wp-content\/uploads\/2025\/04\/SKUDO_logo_black-1-1.png?fit=834%2C210&amp;ssl=1\" src=\"https:\/\/i0.wp.com\/tudengisatelliit.ee\/wp-content\/uploads\/2025\/04\/SKUDO_logo_black-1-1.png?resize=834%2C210&#038;ssl=1\" alt=\"\" class=\"wp-image-1578\" srcset=\"https:\/\/i0.wp.com\/tudengisatelliit.ee\/wp-content\/uploads\/2025\/04\/SKUDO_logo_black-1-1.png?w=834&amp;ssl=1 834w, https:\/\/i0.wp.com\/tudengisatelliit.ee\/wp-content\/uploads\/2025\/04\/SKUDO_logo_black-1-1.png?resize=300%2C76&amp;ssl=1 300w, https:\/\/i0.wp.com\/tudengisatelliit.ee\/wp-content\/uploads\/2025\/04\/SKUDO_logo_black-1-1.png?resize=768%2C193&amp;ssl=1 768w\" sizes=\"(max-width: 834px) 100vw, 834px\" \/><\/figure>\n<\/div>","protected":false},"excerpt":{"rendered":"<p>Since 2023, the Student Satellite has been running the SUTS project, or the Strategic Upgrades Test Satellite. During this project, we build upon the experience developed during the ESTCube satellites and TalTech Koit and H\u00e4marik projects. SUTS is Estonia\u2019s first ultra-miniature three-unit picosatellite, measuring only 5 x 5 x 17.8 cm. Although the satellite is [&hellip;]<\/p>\n","protected":false},"author":239402985,"featured_media":1137,"parent":0,"menu_order":18,"comment_status":"closed","ping_status":"closed","template":"","meta":{"_acf_changed":false,"_crdt_document":"","advanced_seo_description":"","jetpack_seo_html_title":"","jetpack_seo_noindex":false,"jetpack_post_was_ever_published":false,"footnotes":""},"class_list":["post-982","page","type-page","status-publish","has-post-thumbnail","hentry"],"acf":[],"jetpack_likes_enabled":true,"jetpack_sharing_enabled":true,"jetpack_shortlink":"https:\/\/wp.me\/PeXfCC-fQ","jetpack-related-posts":[],"_links":{"self":[{"href":"https:\/\/tudengisatelliit.ee\/et\/wp-json\/wp\/v2\/pages\/982","targetHints":{"allow":["GET"]}}],"collection":[{"href":"https:\/\/tudengisatelliit.ee\/et\/wp-json\/wp\/v2\/pages"}],"about":[{"href":"https:\/\/tudengisatelliit.ee\/et\/wp-json\/wp\/v2\/types\/page"}],"author":[{"embeddable":true,"href":"https:\/\/tudengisatelliit.ee\/et\/wp-json\/wp\/v2\/users\/239402985"}],"replies":[{"embeddable":true,"href":"https:\/\/tudengisatelliit.ee\/et\/wp-json\/wp\/v2\/comments?post=982"}],"version-history":[{"count":7,"href":"https:\/\/tudengisatelliit.ee\/et\/wp-json\/wp\/v2\/pages\/982\/revisions"}],"predecessor-version":[{"id":1927,"href":"https:\/\/tudengisatelliit.ee\/et\/wp-json\/wp\/v2\/pages\/982\/revisions\/1927"}],"wp:featuredmedia":[{"embeddable":true,"href":"https:\/\/tudengisatelliit.ee\/et\/wp-json\/wp\/v2\/media\/1137"}],"wp:attachment":[{"href":"https:\/\/tudengisatelliit.ee\/et\/wp-json\/wp\/v2\/media?parent=982"}],"curies":[{"name":"wp","href":"https:\/\/api.w.org\/{rel}","templated":true}]}}