{"id":394,"date":"2023-09-10T19:53:22","date_gmt":"2023-09-10T16:53:22","guid":{"rendered":"https:\/\/tudengisatelliit.ee\/?page_id=394"},"modified":"2026-04-06T14:05:57","modified_gmt":"2026-04-06T11:05:57","slug":"join-us","status":"publish","type":"page","link":"https:\/\/tudengisatelliit.ee\/et\/join-us\/","title":{"rendered":"Join us"},"content":{"rendered":"<div data-elementor-type=\"wp-page\" data-elementor-id=\"394\" class=\"elementor elementor-394\">\n\t\t\t\t<div class=\"elementor-element elementor-element-d480cf4 e-flex e-con-boxed e-con e-parent\" data-id=\"d480cf4\" data-element_type=\"container\" data-e-type=\"container\">\n\t\t\t\t\t<div class=\"e-con-inner\">\n\t\t\t\t<div class=\"elementor-element elementor-element-5c84a12 elementor-widget elementor-widget-text-editor\" data-id=\"5c84a12\" data-element_type=\"widget\" data-e-type=\"widget\" data-widget_type=\"text-editor.default\">\n\t\t\t\t<div class=\"elementor-widget-container\">\n\t\t\t\t\t\t\t\t\t<div class=\"wp-block-column\" style=\"flex-basis: 45%;\">\n<h2 class=\"wp-block-heading\">Per solem ad astra!<\/h2>\n<!-- \/wp:heading --><!-- wp:preformatted -->\n<pre id=\"tw-target-text\" class=\"wp-block-preformatted\"><em>P\u00e4ikese abil T\u00e4htede poole!<\/em>!<\/pre>\n<!-- \/wp:preformatted --><\/div>\n<p><!-- \/wp:column --><!-- wp:column {\"width\":\"55%\"} --><\/p>\n<div class=\"wp-block-column\" style=\"flex-basis: 55%;\"><!-- wp:paragraph -->\n<p>\u00a0<\/p>\n<\/div>\t\t\t\t\t\t\t\t<\/div>\n\t\t\t\t<\/div>\n\t\t\t\t\t<\/div>\n\t\t\t\t<\/div>\n\t\t<div class=\"elementor-element elementor-element-1a568fe e-flex e-con-boxed e-con e-parent\" data-id=\"1a568fe\" data-element_type=\"container\" data-e-type=\"container\">\n\t\t\t\t\t<div class=\"e-con-inner\">\n\t\t\t\t<div class=\"elementor-element elementor-element-ec776b3 elementor-widget elementor-widget-text-editor\" data-id=\"ec776b3\" data-element_type=\"widget\" data-e-type=\"widget\" data-widget_type=\"text-editor.default\">\n\t\t\t\t<div class=\"elementor-widget-container\">\n\t\t\t\t\t\t\t\t\t<p>Liitu meiega ja ole osa noorest kirglikust meeskonnast, kes vallutab kosmost \u00fcks kosmoselaev korraga. Kuna ehitame satelliite nullist, vajame inimesi k\u00f5ikideks rollideks tehnilistest ja mittetehnilistest valdkondadest. Sa ei pea olema ekspert, kuid pead olema valmis \u00f5ppima!<\/p>\n<p><!-- \/wp:paragraph --><!-- wp:paragraph --><\/p>\n<p>\u00dcli\u00f5pilastele saame pakkuda ka bakalaureuse- ja magistrit\u00f6\u00f6 teemasid! G\u00fcmnasistidele pakume uurimist\u00f6\u00f6de teemasid!<\/p>\n<p><!-- \/wp:paragraph --><!-- wp:paragraph --><\/p>\n<p>Loe altpoolt l\u00e4hemalt ametikohtade kohta, millele me parasjagu inimesi v\u00e4rbame. Kui sa ei leia sobivat positsiooni, kuid tunned siiski, et sooviksid panustada, siis v\u00f5ta meiega julgelt \u00fchendust aadressil <span style=\"text-decoration: underline;\">liitu@tudengisatelliit.ee<\/span><\/p>\n<p><span style=\"color: #00ffff;\"><strong>Kandideerimiseks kirjuta meile aadressil liitu@tudengisatelliit.ee, lisa manusesse CV ja motivatsioonikiri.<\/strong><\/span><\/p>\t\t\t\t\t\t\t\t<\/div>\n\t\t\t\t<\/div>\n\t\t\t\t\t<\/div>\n\t\t\t\t<\/div>\n\t\t<div class=\"elementor-element elementor-element-2dcb725 e-flex e-con-boxed e-con e-parent\" data-id=\"2dcb725\" data-element_type=\"container\" data-e-type=\"container\">\n\t\t\t\t\t<div class=\"e-con-inner\">\n\t\t\t\t<div class=\"elementor-element elementor-element-541d1ec elementor-widget elementor-widget-shortcode\" data-id=\"541d1ec\" data-element_type=\"widget\" data-e-type=\"widget\" data-widget_type=\"shortcode.default\">\n\t\t\t\t<div class=\"elementor-widget-container\">\n\t\t\t\t\t\t\t<div class=\"elementor-shortcode\"><div class=\"job_listings\" data-location=\"\" data-keywords=\"\" data-show_filters=\"true\" data-show_pagination=\"false\" data-per_page=\"10\" data-orderby=\"featured\" data-order=\"DESC\" data-categories=\"\" data-disable-form-state-storage=\"\" data-featured_first=\"false\" data-post_id=\"394\" >\n<form class=\"job_filters\" action=\"\">\n\t\n\t<div class=\"search_jobs\">\n\t\t\n\t\t<div class=\"search_keywords\">\n\t\t\t<label for=\"search_keywords\">V\u00f5tmes\u00f5nad<\/label>\n\t\t\t<input type=\"text\" name=\"search_keywords\" id=\"search_keywords\" placeholder=\"V\u00f5tmes\u00f5nad\" value=\"\" \/>\n\t\t<\/div>\n\n\t\t<div class=\"search_location\">\n\t\t\t<label for=\"search_location\">Location<\/label>\n\t\t\t<input type=\"text\" name=\"search_location\" id=\"search_location\" placeholder=\"Location\" value=\"\" \/>\n\t\t<\/div>\n\n\t\t\t\t\t<div class=\"search_remote_position\">\n\t\t\t\t<input type=\"checkbox\" class=\"input-checkbox\" name=\"remote_position\" id=\"remote_position\" placeholder=\"Location\" value=\"1\"  \/>\n\t\t\t\t<label for=\"remote_position\" id=\"remote_position_label\">Remote positions only<\/label>\n\t\t\t<\/div>\n\t\t\n\t\t<div style=\"clear: both\"><\/div>\n\n\t\t\n\t\t\t\t\t<div class=\"search_submit\">\n\t\t\t\t<input type=\"submit\" value=\"Search Jobs\">\n\t\t\t<\/div>\n\t\t\n\t\t\t<\/div>\n\n\t\t<ul class=\"job_types\">\n\t\t\t\t\t<li><label for=\"job_type_freelance\" class=\"freelance\"><input type=\"checkbox\" name=\"filter_job_type[]\" value=\"freelance\"  checked='checked' id=\"job_type_freelance\" \/> Freelance<\/label><\/li>\n\t\t\t\t\t<li><label for=\"job_type_full-time\" class=\"full-time\"><input type=\"checkbox\" name=\"filter_job_type[]\" value=\"full-time\"  checked='checked' id=\"job_type_full-time\" \/> T\u00e4ist\u00f6\u00f6aeg<\/label><\/li>\n\t\t\t\t\t<li><label for=\"job_type_internship\" class=\"internship\"><input type=\"checkbox\" name=\"filter_job_type[]\" value=\"internship\"  checked='checked' id=\"job_type_internship\" \/> Praktika<\/label><\/li>\n\t\t\t\t\t<li><label for=\"job_type_part-time\" class=\"part-time\"><input type=\"checkbox\" name=\"filter_job_type[]\" value=\"part-time\"  checked='checked' id=\"job_type_part-time\" \/> Osa-aeg<\/label><\/li>\n\t\t\t\t\t<li><label for=\"job_type_temporary\" class=\"temporary\"><input type=\"checkbox\" name=\"filter_job_type[]\" value=\"temporary\"  checked='checked' id=\"job_type_temporary\" \/> Ajutine<\/label><\/li>\n\t\t\t<\/ul>\n\t<input type=\"hidden\" name=\"filter_job_type[]\" value=\"\" \/>\n<div class=\"showing_jobs\"><\/div><input type=\"hidden\" name=\"trp-form-language\" value=\"et\"\/><\/form>\n\n\n<noscript>Your browser does not support JavaScript, or it is disabled. JavaScript must be enabled in order to view listings.<\/noscript>\n<ul class=\"job_listings\">\n<\/ul>\n<a class=\"load_more_jobs\" href=\"#\" style=\"display:none;\"><strong>Load more listings<\/strong><\/a><\/div><\/div>\n\t\t\t\t\t\t<\/div>\n\t\t\t\t<\/div>\n\t\t\t\t\t<\/div>\n\t\t\t\t<\/div>\n\t\t\t\t<\/div>","protected":false},"excerpt":{"rendered":"<p>Per solem ad astra! Through the sun to the stars! \u00a0 Get involved and be part of a young passionate team that is conquering space one spacecraft at a time. As we are building satellites from scratch, we need people for all types of roles from technical and non-technical domains. You don&#8217;t need to be [&hellip;]<\/p>\n","protected":false},"author":239402985,"featured_media":0,"parent":0,"menu_order":14,"comment_status":"closed","ping_status":"closed","template":"","meta":{"_acf_changed":false,"_crdt_document":"{\"document\":\"AAAG9t+ijwkVDggQsiMBBxYCAQIKAQBKAB0oAycABAAnAAQAJwAoBCcAKAknAAcAKAMnACgCJ6MN8AxzdGF0ZXZlcnNpb25kb2N1bWVudGRhdGVkb2N1bWVudHNsdWdkb2N1bWVudHN0YXR1c2RvY3VtZW50dGl0bGVKb2luIHVzZG9jdW1lbnRjb250ZW50PGgyPlBlciBzb2xlbSBhZCBhc3RyYSE8L2gyPgo8IS0tIC93cDpwb3N0LWNvbnRlbnQgLS0+PCEtLSB3cDpwcmVmb3JtYXR0ZWQgLS0+CjxwcmUgaWQ9InR3LXRhcmdldC10ZXh0Ij48ZW0+VGhyb3VnaCB0aGUgc3VuIHRvIHRoZSBzdGFyczwvZW0+ITwvcHJlPgo8IS0tIC93cDpwcmVmb3JtYXR0ZWQgLS0+CjxwPjwhLS0gL3dwOmNvbHVtbiAtLT48IS0tIHdwOmNvbHVtbiB7IndpZHRoIjoiNTUlIn0gLS0+PC9wPgo8IS0tIHdwOnBhcmFncmFwaCAtLT4KPHA+wqA8L3A+CjxwPkdldCBpbnZvbHZlZCBhbmQgYmUgcGFydCBvZiBhIHlvdW5nIHBhc3Npb25hdGUgdGVhbSB0aGF0IGlzIGNvbnF1ZXJpbmcgc3BhY2Ugb25lIHNwYWNlY3JhZnQgYXQgYSB0aW1lLiBBcyB3ZSBhcmUgYnVpbGRpbmcgc2F0ZWxsaXRlcyBmcm9tIHNjcmF0Y2gsIHdlIG5lZWQgcGVvcGxlIGZvciBhbGwgdHlwZXMgb2Ygcm9sZXMgZnJvbSB0ZWNobmljYWwgYW5kIG5vbi10ZWNobmljYWwgZG9tYWlucy4gWW91IGRvbid0IG5lZWQgdG8gYmUgYW4gZXhwZXJ0IGJ1dCB5b3UgbmVlZCB0byBiZSB3aWxsaW5nIHRvIGxlYXJuITwvcD4KPHA+PCEtLSAvd3A6cGFyYWdyYXBoIC0tPjwhLS0gd3A6cGFyYWdyYXBoIC0tPjwvcD4KPHA+Rm9yIHVuaXZlcnNpdHkgc3R1ZGVudHMgd2UgY2FuIGFsc28gb2ZmZXIgYmFjaGVsb3IgYW5kIG1hc3RlcidzIHRoZXNpcyB0b3BpY3MhIEZvciBoaWdoIHNjaG9vbGVycyB3ZSBvZmZlciByZXNlYXJjaCBwYXBlciB0b3BpY3MhPC9wPgo8cD48IS0tIC93cDpwYXJhZ3JhcGggLS0+PCEtLSB3cDpwYXJhZ3JhcGggLS0+PC9wPgo8cD5SZWFkIG1vcmUgYWJvdXQgdGhlIHBvc2l0aW9ucyB3ZXJlIGN1cnJlbnRseSByZWNydWl0aW5nIGZvciBiZWxvdy4gSWYgeW91IGRvbid0IGZpbmQgYW55dGhpbmcgZml0dGluZywgYnV0IGZlZWwgbGlrZSB5b3Ugc3RpbGwgd2FudCB0byBjb250cmlidXRlLCB0aGVuIGZlZWwgZnJlZSB0byByZWFjaCBvdXQgdG8gdXMgYXQgbGlpdHVAdHVkZW5naXNhdGVsbGlpdC5lZTwvcD4KPHA+PHN0cm9uZz5UbyBhcHBseSBlbWFpbCB1cyBhdCBsaWl0dUB0dWRlbmdpc2F0ZWxsaWl0LmVlIGFuZCBhdHRhY2ggQ1YgYW5kIG1vdGl2YXRpb24gbGV0dGVyLjwvc3Ryb25nPjwvcD5bam9ic11kb2N1bWVudGV4Y2VycHRkb2N1bWVudGF1dGhvcmRvY3VtZW50ZmVhdHVyZWRfbWVkaWFkb2N1bWVudGNvbW1lbnRfc3RhdHVzZG9jdW1lbnRwaW5nX3N0YXR1c2RvY3VtZW50dGVtcGxhdGVkb2N1bWVudG1ldGFfYWNmX2NoYW5nZWRhZHZhbmNlZF9zZW9fZGVzY3JpcHRpb25qZXRwYWNrX3Nlb19odG1sX3RpdGxlamV0cGFja19zZW9fbm9pbmRleGpldHBhY2tfcG9zdF93YXNfZXZlcl9wdWJsaXNoZWRmb290bm90ZXNfZWxlbWVudG9yX2VkaXRfbW9kZV9lbGVtZW50b3JfdGVtcGxhdGVfdHlwZV9lbGVtZW50b3JfZGF0YV9lbGVtZW50b3JfcGFnZV9zZXR0aW5nc2RvY3VtZW50YmxvY2tzY2xpZW50SWRpc1ZhbGlkb3JpZ2luYWxDb250ZW50bmFtZWF0dHJpYnV0ZXNjb250ZW50dWljaENzc1RycENvbnRlbnRSZXN0cmljdGlvbmlubmVyQmxvY2tzBQcIBAgECAYIBQcIB7IRCAcIBggOCA4IC0gBBAwYFhMfCRQYDxgIBggHDwQKRwAVCw8BBAAAAQAAAAEGAAkBAAAHQgEBAEEAAAJBGAEkAH0BdxMyMDIzLTA5LTEwVDE5OjUzOjIydwdqb2luLXVzdwdwdWJsaXNofan\/p+QBfQB3BmNsb3NlZHcGY2xvc2VkdwB5dwB3AHl5dwB3B2J1aWxkZXJ3B3dwLXBhZ2V30xdbeyJpZCI6ImQ0ODBjZjQiLCJlbFR5cGUiOiJjb250YWluZXIiLCJzZXR0aW5ncyI6eyJiYWNrZ3JvdW5kX292ZXJsYXlfYmFja2dyb3VuZCI6ImNsYXNzaWMiLCJiYWNrZ3JvdW5kX292ZXJsYXlfY29sb3IiOiIjMDAwMDAwIiwiYmFja2dyb3VuZF9vdmVybGF5X2ltYWdlIjp7InVybCI6Imh0dHBzOlwvXC90dWRlbmdpc2F0ZWxsaWl0LmVlXC93cC1jb250ZW50XC91cGxvYWRzXC8yMDI1XC8xMVwvRUMyLWVuZ2luZWVycy0xMDI0eDY4NC0xLndlYnAiLCJpZCI6MjM2OCwic2l6ZSI6IiIsImFsdCI6IiIsInNvdXJjZSI6ImxpYnJhcnkifSwiYmFja2dyb3VuZF9vdmVybGF5X3Bvc2l0aW9uIjoiY2VudGVyIGxlZnQiLCJiYWNrZ3JvdW5kX292ZXJsYXlfc2l6ZSI6ImNvdmVyIiwicGFkZGluZyI6eyJ1bml0IjoicHgiLCJ0b3AiOiI1OCIsInJpZ2h0IjoiNTgiLCJib3R0b20iOiIzOCIsImxlZnQiOiI1OCIsImlzTGlua2VkIjpmYWxzZX0sImNzc19maWx0ZXJzX2Nzc19maWx0ZXIiOiJjdXN0b20iLCJjc3NfZmlsdGVyc19icmlnaHRuZXNzIjp7InVuaXQiOiJweCIsInNpemUiOjc2LCJzaXplcyI6W119fSwiZWxlbWVudHMiOlt7ImlkIjoiNWM4NGExMiIsImVsVHlwZSI6IndpZGdldCIsInNldHRpbmdzIjp7ImVkaXRvciI6IjxkaXYgY2xhc3M9XCJ3cC1ibG9jay1jb2x1bW5cIiBzdHlsZT1cImZsZXgtYmFzaXM6IDQ1JTtcIj5cbjxoMiBjbGFzcz1cIndwLWJsb2NrLWhlYWRpbmdcIj5QZXIgc29sZW0gYWQgYXN0cmEhPFwvaDI+XG48IS0tIFwvd3A6aGVhZGluZyAtLT48IS0tIHdwOnByZWZvcm1hdHRlZCAtLT5cbjxwcmUgaWQ9XCJ0dy10YXJnZXQtdGV4dFwiIGNsYXNzPVwid3AtYmxvY2stcHJlZm9ybWF0dGVkXCI+PGVtPlRocm91Z2ggdGhlIHN1biB0byB0aGUgc3RhcnM8XC9lbT4hPFwvcHJlPlxuPCEtLSBcL3dwOnByZWZvcm1hdHRlZCAtLT48XC9kaXY+XG48cD48IS0tIFwvd3A6Y29sdW1uIC0tPjwhLS0gd3A6Y29sdW1uIHtcIndpZHRoXCI6XCI1NSVcIn0gLS0+PFwvcD5cbjxkaXYgY2xhc3M9XCJ3cC1ibG9jay1jb2x1bW5cIiBzdHlsZT1cImZsZXgtYmFzaXM6IDU1JTtcIj48IS0tIHdwOnBhcmFncmFwaCAtLT5cbjxwPlx1MDBhMDxcL3A+XG48XC9kaXY+IiwidGV4dF9jb2xvciI6IiNFQUVBRUEiLCJhbGlnbiI6ImNlbnRlciJ9LCJlbGVtZW50cyI6W10sIndpZGdldFR5cGUiOiJ0ZXh0LWVkaXRvciJ9XSwiaXNJbm5lciI6ZmFsc2V9LHsiaWQiOiIxYTU2OGZlIiwiZWxUeXBlIjoiY29udGFpbmVyIiwic2V0dGluZ3MiOltdLCJlbGVtZW50cyI6W3siaWQiOiJlYzc3NmIzIiwiZWxUeXBlIjoid2lkZ2V0Iiwic2V0dGluZ3MiOnsiZWRpdG9yIjoiPHA+R2V0IGludm9sdmVkIGFuZCBiZSBwYXJ0IG9mIGEgeW91bmcgcGFzc2lvbmF0ZSB0ZWFtIHRoYXQgaXMgY29ucXVlcmluZyBzcGFjZSBvbmUgc3BhY2VjcmFmdCBhdCBhIHRpbWUuIEFzIHdlIGFyZSBidWlsZGluZyBzYXRlbGxpdGVzIGZyb20gc2NyYXRjaCwgd2UgbmVlZCBwZW9wbGUgZm9yIGFsbCB0eXBlcyBvZiByb2xlcyBmcm9tIHRlY2huaWNhbCBhbmQgbm9uLXRlY2huaWNhbCBkb21haW5zLiBZb3UgZG9uJ3QgbmVlZCB0byBiZSBhbiBleHBlcnQgYnV0IHlvdSBuZWVkIHRvIGJlIHdpbGxpbmcgdG8gbGVhcm4hPFwvcD5cbjxwPjwhLS0gXC93cDpwYXJhZ3JhcGggLS0+PCEtLSB3cDpwYXJhZ3JhcGggLS0+PFwvcD5cbjxwPkZvciB1bml2ZXJzaXR5IHN0dWRlbnRzIHdlIGNhbiBhbHNvIG9mZmVyIGJhY2hlbG9yIGFuZCBtYXN0ZXIncyB0aGVzaXMgdG9waWNzISBGb3IgaGlnaCBzY2hvb2xlcnMgd2Ugb2ZmZXIgcmVzZWFyY2ggcGFwZXIgdG9waWNzITxcL3A+XG48cD48IS0tIFwvd3A6cGFyYWdyYXBoIC0tPjwhLS0gd3A6cGFyYWdyYXBoIC0tPjxcL3A+XG48cD5SZWFkIG1vcmUgYWJvdXQgdGhlIHBvc2l0aW9ucyB3ZXJlIGN1cnJlbnRseSByZWNydWl0aW5nIGZvciBiZWxvdy4gSWYgeW91IGRvbid0IGZpbmQgYW55dGhpbmcgZml0dGluZywgYnV0IGZlZWwgbGlrZSB5b3Ugc3RpbGwgd2FudCB0byBjb250cmlidXRlLCB0aGVuIGZlZWwgZnJlZSB0byByZWFjaCBvdXQgdG8gdXMgYXQgPHNwYW4gc3R5bGU9XCJ0ZXh0LWRlY29yYXRpb246IHVuZGVybGluZTtcIj5saWl0dUB0dWRlbmdpc2F0ZWxsaWl0LmVlPFwvc3Bhbj48XC9wPlxuPHA+PHNwYW4gc3R5bGU9XCJjb2xvcjogIzAwZmZmZjtcIj48c3Ryb25nPlRvIGFwcGx5IGVtYWlsIHVzIGF0IGxpaXR1QHR1ZGVuZ2lzYXRlbGxpaXQuZWUgYW5kIGF0dGFjaCBDViBhbmQgbW90aXZhdGlvbiBsZXR0ZXIuPFwvc3Ryb25nPjxcL3NwYW4+PFwvcD4iLCJhbGlnbiI6ImNlbnRlciIsIl9tYXJnaW4iOnsidW5pdCI6InB4IiwidG9wIjoiMCIsInJpZ2h0IjoiMCIsImJvdHRvbSI6IjAiLCJsZWZ0IjoiMCIsImlzTGlua2VkIjpmYWxzZX0sIl9wYWRkaW5nIjp7InVuaXQiOiJweCIsInRvcCI6IjQwIiwicmlnaHQiOiIwIiwiYm90dG9tIjoiNDAiLCJsZWZ0IjoiMCIsImlzTGlua2VkIjpmYWxzZX0sInRleHRfY29sb3IiOiIjRDlEOUQ5In0sImVsZW1lbnRzIjpbXSwid2lkZ2V0VHlwZSI6InRleHQtZWRpdG9yIn1dLCJpc0lubmVyIjpmYWxzZX0seyJpZCI6IjJkY2I3MjUiLCJlbFR5cGUiOiJjb250YWluZXIiLCJzZXR0aW5ncyI6W10sImVsZW1lbnRzIjpbeyJpZCI6IjU0MWQxZWMiLCJlbFR5cGUiOiJ3aWRnZXQiLCJzZXR0aW5ncyI6eyJzaG9ydGNvZGUiOiJbam9ic10iLCJfbWFyZ2luIjp7InVuaXQiOiJweCIsInRvcCI6IjIiLCJyaWdodCI6IjIiLCJib3R0b20iOiIyIiwibGVmdCI6IjIiLCJpc0xpbmtlZCI6dHJ1ZX0sIl9iYWNrZ3JvdW5kX2JhY2tncm91bmQiOiJjbGFzc2ljIiwiX2JhY2tncm91bmRfY29sb3IiOiIjRTQ4NTg1IiwiX2JvcmRlcl9yYWRpdXMiOnsidW5pdCI6InB4IiwidG9wIjoiMTAiLCJyaWdodCI6IjEwIiwiYm90dG9tIjoiMTAiLCJsZWZ0IjoiMTAiLCJpc0xpbmtlZCI6dHJ1ZX19LCJlbGVtZW50cyI6W10sIndpZGdldFR5cGUiOiJzaG9ydGNvZGUifV0sImlzSW5uZXIiOmZhbHNlfV1+dyQxMmUyNWEwYy0xZDZkLTQ3NGEtYmFjMi0xOGQ0N2IyZjlhODV4d4YJPGgyPlBlciBzb2xlbSBhZCBhc3RyYSE8L2gyPgo8cD48IS0tIC93cDpwb3N0LWNvbnRlbnQgLS0+PCEtLSB3cDpwcmVmb3JtYXR0ZWQgLS0+PC9wPgo8cHJlIGlkPSJ0dy10YXJnZXQtdGV4dCI+PGVtPlRocm91Z2ggdGhlIHN1biB0byB0aGUgc3RhcnM8L2VtPiE8L3ByZT4KPHA+PCEtLSAvd3A6cHJlZm9ybWF0dGVkIC0tPjwvcD4KPHA+PCEtLSAvd3A6Y29sdW1uIC0tPjwhLS0gd3A6Y29sdW1uIHsid2lkdGgiOiI1NSUifSAtLT48L3A+CjxwPjwhLS0gd3A6cGFyYWdyYXBoIC0tPjwvcD4KPHA+R2V0IGludm9sdmVkIGFuZCBiZSBwYXJ0IG9mIGEgeW91bmcgcGFzc2lvbmF0ZSB0ZWFtIHRoYXQgaXMgY29ucXVlcmluZyBzcGFjZSBvbmUgc3BhY2VjcmFmdCBhdCBhIHRpbWUuIEFzIHdlIGFyZSBidWlsZGluZyBzYXRlbGxpdGVzIGZyb20gc2NyYXRjaCwgd2UgbmVlZCBwZW9wbGUgZm9yIGFsbCB0eXBlcyBvZiByb2xlcyBmcm9tIHRlY2huaWNhbCBhbmQgbm9uLXRlY2huaWNhbCBkb21haW5zLiBZb3UgZG9uJ3QgbmVlZCB0byBiZSBhbiBleHBlcnQgYnV0IHlvdSBuZWVkIHRvIGJlIHdpbGxpbmcgdG8gbGVhcm4hPC9wPgo8cD48IS0tIC93cDpwYXJhZ3JhcGggLS0+PCEtLSB3cDpwYXJhZ3JhcGggLS0+PC9wPgo8cD5Gb3IgdW5pdmVyc2l0eSBzdHVkZW50cyB3ZSBjYW4gYWxzbyBvZmZlciBiYWNoZWxvciBhbmQgbWFzdGVyJ3MgdGhlc2lzIHRvcGljcyEgRm9yIGhpZ2ggc2Nob29sZXJzIHdlIG9mZmVyIHJlc2VhcmNoIHBhcGVyIHRvcGljcyE8L3A+CjxwPjwhLS0gL3dwOnBhcmFncmFwaCAtLT48IS0tIHdwOnBhcmFncmFwaCAtLT48L3A+CjxwPlJlYWQgbW9yZSBhYm91dCB0aGUgcG9zaXRpb25zIHdlcmUgY3VycmVudGx5IHJlY3J1aXRpbmcgZm9yIGJlbG93LiBJZiB5b3UgZG9uJ3QgZmluZCBhbnl0aGluZyBmaXR0aW5nLCBidXQgZmVlbCBsaWtlIHlvdSBzdGlsbCB3YW50IHRvIGNvbnRyaWJ1dGUsIHRoZW4gZmVlbCBmcmVlIHRvIHJlYWNoIG91dCB0byB1cyBhdCBsaWl0dUB0dWRlbmdpc2F0ZWxsaWl0LmVlPC9wPgo8cD48c3Ryb25nPlRvIGFwcGx5IGVtYWlsIHVzIGF0IGxpaXR1QHR1ZGVuZ2lzYXRlbGxpaXQuZWUgYW5kIGF0dGFjaCBDViBhbmQgbW90aXZhdGlvbiBsZXR0ZXIuPC9zdHJvbmc+PC9wPgo8cD5bam9ic108L3A+dw1jb3JlL2ZyZWVmb3Jtd4YJPGgyPlBlciBzb2xlbSBhZCBhc3RyYSE8L2gyPgo8cD48IS0tIC93cDpwb3N0LWNvbnRlbnQgLS0+PCEtLSB3cDpwcmVmb3JtYXR0ZWQgLS0+PC9wPgo8cHJlIGlkPSJ0dy10YXJnZXQtdGV4dCI+PGVtPlRocm91Z2ggdGhlIHN1biB0byB0aGUgc3RhcnM8L2VtPiE8L3ByZT4KPHA+PCEtLSAvd3A6cHJlZm9ybWF0dGVkIC0tPjwvcD4KPHA+PCEtLSAvd3A6Y29sdW1uIC0tPjwhLS0gd3A6Y29sdW1uIHsid2lkdGgiOiI1NSUifSAtLT48L3A+CjxwPjwhLS0gd3A6cGFyYWdyYXBoIC0tPjwvcD4KPHA+R2V0IGludm9sdmVkIGFuZCBiZSBwYXJ0IG9mIGEgeW91bmcgcGFzc2lvbmF0ZSB0ZWFtIHRoYXQgaXMgY29ucXVlcmluZyBzcGFjZSBvbmUgc3BhY2VjcmFmdCBhdCBhIHRpbWUuIEFzIHdlIGFyZSBidWlsZGluZyBzYXRlbGxpdGVzIGZyb20gc2NyYXRjaCwgd2UgbmVlZCBwZW9wbGUgZm9yIGFsbCB0eXBlcyBvZiByb2xlcyBmcm9tIHRlY2huaWNhbCBhbmQgbm9uLXRlY2huaWNhbCBkb21haW5zLiBZb3UgZG9uJ3QgbmVlZCB0byBiZSBhbiBleHBlcnQgYnV0IHlvdSBuZWVkIHRvIGJlIHdpbGxpbmcgdG8gbGVhcm4hPC9wPgo8cD48IS0tIC93cDpwYXJhZ3JhcGggLS0+PCEtLSB3cDpwYXJhZ3JhcGggLS0+PC9wPgo8cD5Gb3IgdW5pdmVyc2l0eSBzdHVkZW50cyB3ZSBjYW4gYWxzbyBvZmZlciBiYWNoZWxvciBhbmQgbWFzdGVyJ3MgdGhlc2lzIHRvcGljcyEgRm9yIGhpZ2ggc2Nob29sZXJzIHdlIG9mZmVyIHJlc2VhcmNoIHBhcGVyIHRvcGljcyE8L3A+CjxwPjwhLS0gL3dwOnBhcmFncmFwaCAtLT48IS0tIHdwOnBhcmFncmFwaCAtLT48L3A+CjxwPlJlYWQgbW9yZSBhYm91dCB0aGUgcG9zaXRpb25zIHdlcmUgY3VycmVudGx5IHJlY3J1aXRpbmcgZm9yIGJlbG93LiBJZiB5b3UgZG9uJ3QgZmluZCBhbnl0aGluZyBmaXR0aW5nLCBidXQgZmVlbCBsaWtlIHlvdSBzdGlsbCB3YW50IHRvIGNvbnRyaWJ1dGUsIHRoZW4gZmVlbCBmcmVlIHRvIHJlYWNoIG91dCB0byB1cyBhdCBsaWl0dUB0dWRlbmdpc2F0ZWxsaWl0LmVlPC9wPgo8cD48c3Ryb25nPlRvIGFwcGx5IGVtYWlsIHVzIGF0IGxpaXR1QHR1ZGVuZ2lzYXRlbGxpaXQuZWUgYW5kIGF0dGFjaCBDViBhbmQgbW90aXZhdGlvbiBsZXR0ZXIuPC9zdHJvbmc+PC9wPgo8cD5bam9ic108L3A+dwB2AxByZXN0cmljdGlvbl90eXBldwdleGNsdWRlEnNlbGVjdGVkX2xhbmd1YWdlc3UACnBhbmVsX29wZW54AA==\",\"updateId\":271918390}","advanced_seo_description":"","jetpack_seo_html_title":"","jetpack_seo_noindex":false,"footnotes":""},"class_list":["post-394","page","type-page","status-publish","hentry"],"acf":[],"jetpack_likes_enabled":true,"jetpack_sharing_enabled":true,"jetpack_shortlink":"https:\/\/wp.me\/PeXfCC-6m","jetpack-related-posts":[],"_links":{"self":[{"href":"https:\/\/tudengisatelliit.ee\/et\/wp-json\/wp\/v2\/pages\/394","targetHints":{"allow":["GET"]}}],"collection":[{"href":"https:\/\/tudengisatelliit.ee\/et\/wp-json\/wp\/v2\/pages"}],"about":[{"href":"https:\/\/tudengisatelliit.ee\/et\/wp-json\/wp\/v2\/types\/page"}],"author":[{"embeddable":true,"href":"https:\/\/tudengisatelliit.ee\/et\/wp-json\/wp\/v2\/users\/239402985"}],"replies":[{"embeddable":true,"href":"https:\/\/tudengisatelliit.ee\/et\/wp-json\/wp\/v2\/comments?post=394"}],"version-history":[{"count":100,"href":"https:\/\/tudengisatelliit.ee\/et\/wp-json\/wp\/v2\/pages\/394\/revisions"}],"predecessor-version":[{"id":3569,"href":"https:\/\/tudengisatelliit.ee\/et\/wp-json\/wp\/v2\/pages\/394\/revisions\/3569"}],"wp:attachment":[{"href":"https:\/\/tudengisatelliit.ee\/et\/wp-json\/wp\/v2\/media?parent=394"}],"curies":[{"name":"wp","href":"https:\/\/api.w.org\/{rel}","templated":true}]}}