{"id":1384,"date":"2025-02-26T22:03:10","date_gmt":"2025-02-26T20:03:10","guid":{"rendered":"https:\/\/tudengisatelliit.ee\/?page_id=1384"},"modified":"2025-12-09T20:38:44","modified_gmt":"2025-12-09T18:38:44","slug":"publications","status":"publish","type":"page","link":"https:\/\/tudengisatelliit.ee\/et\/publications\/","title":{"rendered":"Publikatsioonid"},"content":{"rendered":"<div data-elementor-type=\"wp-page\" data-elementor-id=\"1384\" class=\"elementor elementor-1384\">\n\t\t\t\t<div class=\"elementor-element elementor-element-67617e56 e-flex e-con-boxed e-con e-parent\" data-id=\"67617e56\" data-element_type=\"container\" data-e-type=\"container\">\n\t\t\t\t\t<div class=\"e-con-inner\">\n\t\t\t\t<div class=\"elementor-element elementor-element-1f7f51f9 elementor-widget elementor-widget-text-editor\" data-id=\"1f7f51f9\" data-element_type=\"widget\" data-e-type=\"widget\" data-widget_type=\"text-editor.default\">\n\t\t\t\t<div class=\"elementor-widget-container\">\n\t\t\t\t\t\t\t\t\t\n<p class=\"has-text-align-center wp-block-paragraph\"><em>Publikatsioonide nimekiri on t\u00e4iendamisel\u2026<\/em><\/p>\n<details class=\"wp-block-details alignwide has-large-font-size is-layout-flow wp-block-details-is-layout-flow\" open=\"open\">\n<summary>2025<\/summary>\n\n<div class=\"wp-block-group alignwide is-layout-flow wp-container-core-group-is-layout-9c869999 wp-block-group-is-layout-flow\">\n<div class=\"wp-block-group alignwide is-layout-flow wp-block-group-is-layout-flow\" style=\"border-bottom-width: 1px; padding-top: 32px; padding-bottom: 32px;\">\n<div class=\"wp-block-group is-content-justification-space-between is-layout-flex wp-container-core-group-is-layout-a926e761 wp-block-group-is-layout-flex\">\n<div class=\"wp-block-group is-vertical is-layout-flex wp-container-core-group-is-layout-3fb41645 wp-block-group-is-layout-flex\">\n<h5 class=\"wp-block-heading is-event-name\">Moor, Karl-Mattias. SUTS satelliidi sides\u00fcsteemi insenermudeli arhitektuuri arendamine ja testimine, bakalaureuset\u00f6\u00f6, Tartu \u00dclikool<\/h5>\n<\/div>\n<\/div>\n<\/div>\n\n<div class=\"wp-block-group alignwide is-layout-flow wp-block-group-is-layout-flow\" style=\"border-bottom-width: 1px; padding-top: 32px; padding-bottom: 32px;\">\n<div class=\"wp-block-group is-vertical is-layout-flex wp-container-core-group-is-layout-3fb41645 wp-block-group-is-layout-flex\">\n<h5 class=\"wp-block-heading is-event-name\">Kandelin, Kristin. SUTS picosatelliidi akuhaldusalams\u00fcsteemi arendamine, bakalaureuset\u00f6\u00f6, Tartu \u00dclikool<\/h5>\n<\/div>\n<\/div>\n<\/div>\n\n<div class=\"wp-block-group alignwide\" style=\"border-bottom-width: 1px; padding-top: 32px; padding-bottom: 32px;\">\n<div class=\"wp-block-group\">\n<div class=\"wp-block-group\">\n<h5 class=\"wp-block-heading is-event-name\">\u017divolupov, Kristian. Akumooduli mehaaniline arendamine ja vibratsioonitestimine Strategic Upgrades Testing Satellite\u2019i (SUTS) jaoks, bakalaureuset\u00f6\u00f6, Tartu \u00dclikool<\/h5>\n<\/div>\n<\/div>\n<\/div>\n<\/details>\t\t\t\t\t\t\t\t<\/div>\n\t\t\t\t<\/div>\n\t\t\t\t<div class=\"elementor-element elementor-element-e1d8720 elementor-widget elementor-widget-text-editor\" data-id=\"e1d8720\" data-element_type=\"widget\" data-e-type=\"widget\" data-widget_type=\"text-editor.default\">\n\t\t\t\t<div class=\"elementor-widget-container\">\n\t\t\t\t\t\t\t\t\t<p class=\"has-text-align-center\">\u00a0<\/p>\n<p><!-- \/wp:paragraph --><!-- wp:details {\"showContent\":true,\"align\":\"wide\",\"fontSize\":\"large\"} --><\/p>\n<details class=\"wp-block-details alignwide has-large-font-size\" open=\"open\">\n<summary>2024<\/summary>\n<p><!-- wp:group {\"metadata\":{\"name\":\"Items\"},\"align\":\"wide\",\"style\":{\"spacing\":{\"blockGap\":\"0\"}}} --><\/p>\n<div class=\"wp-block-group alignwide\">\n<p><!-- wp:group {\"metadata\":{\"name\":\"Item\"},\"align\":\"wide\",\"style\":{\"border\":{\"bottom\":{\"width\":\"1px\"}},\"spacing\":{\"padding\":{\"top\":\"32px\",\"bottom\":\"32px\"}}}} --><\/p>\n<div class=\"wp-block-group alignwide\" style=\"border-bottom-width: 1px; padding-top: 32px; padding-bottom: 32px;\">\n<p><!-- wp:group {\"style\":{\"spacing\":{\"blockGap\":\"var:preset|spacing|30\"}},\"layout\":{\"type\":\"flex\",\"flexWrap\":\"wrap\",\"justifyContent\":\"space-between\"}} --><\/p>\n<div class=\"wp-block-group\">\n<p><!-- wp:group {\"style\":{\"spacing\":{\"blockGap\":\"4px\"}},\"layout\":{\"type\":\"flex\",\"orientation\":\"vertical\",\"flexWrap\":\"wrap\"}} --><\/p>\n<div class=\"wp-block-group\">\n<p><!-- wp:heading {\"level\":5,\"className\":\"is-event-name\"} --><\/p>\n<h5 class=\"p1\">Aas, Katarina. SUTS tudengisatelliidi antenni valimine ja disainimine, kasutades modelleerimistarkvara 4NEC2. Uurimist\u00f6\u00f6, Tallinna Reaalkool.<\/h5>\n<\/div>\n<\/div>\n<\/div>\n<\/div>\n<p><!-- \/wp:paragraph --><\/p>\n<\/details>\n<p><!-- \/wp:details --><\/p>\t\t\t\t\t\t\t\t<\/div>\n\t\t\t\t<\/div>\n\t\t\t\t<div class=\"elementor-element elementor-element-9c1f32c elementor-widget elementor-widget-text-editor\" data-id=\"9c1f32c\" data-element_type=\"widget\" data-e-type=\"widget\" data-widget_type=\"text-editor.default\">\n\t\t\t\t<div class=\"elementor-widget-container\">\n\t\t\t\t\t\t\t\t\t<p><!-- wp:paragraph {\"align\":\"center\"} --><\/p>\n<p class=\"has-text-align-center\">\u00a0<\/p>\n<p><!-- \/wp:paragraph --><!-- wp:details {\"showContent\":true,\"align\":\"wide\",\"fontSize\":\"large\"} --><\/p>\n<details class=\"wp-block-details alignwide has-large-font-size\" open=\"open\">\n<summary>2023<\/summary>\n<p><!-- wp:group {\"metadata\":{\"name\":\"Items\"},\"align\":\"wide\",\"style\":{\"spacing\":{\"blockGap\":\"0\"}}} --><\/p>\n<div class=\"wp-block-group alignwide\">\n<p><!-- wp:group {\"metadata\":{\"name\":\"Item\"},\"align\":\"wide\",\"style\":{\"border\":{\"bottom\":{\"width\":\"1px\"}},\"spacing\":{\"padding\":{\"top\":\"32px\",\"bottom\":\"32px\"}}}} --><\/p>\n<div class=\"wp-block-group alignwide\" style=\"border-bottom-width: 1px; padding-top: 32px; padding-bottom: 32px;\">\n<p><!-- wp:group {\"style\":{\"spacing\":{\"blockGap\":\"var:preset|spacing|30\"}},\"layout\":{\"type\":\"flex\",\"flexWrap\":\"wrap\",\"justifyContent\":\"space-between\"}} --><\/p>\n<div class=\"wp-block-group\">\n<p><!-- wp:group {\"style\":{\"spacing\":{\"blockGap\":\"4px\"}},\"layout\":{\"type\":\"flex\",\"orientation\":\"vertical\",\"flexWrap\":\"wrap\"}} --><\/p>\n<div class=\"wp-block-group\">\n<p><!-- wp:heading {\"level\":5,\"className\":\"is-event-name\"} --><\/p>\n<h5 class=\"p1\">Toomast, Cathy. <a href=\"https:\/\/dspace.ut.ee\/items\/804869b9-a093-4b97-aa19-713ddabdc9da\"><span class=\"s1\">ESTCube-2 missiooni juhtimiss\u00fcsteem: ettevalmistus orbiidil opereerimiseks<\/span><\/a>, magistrit\u00f6\u00f6, Tartu \u00dclikool<\/h5>\n<p><!-- \/wp:heading --><\/p>\n<\/div>\n<p><!-- \/wp:group --><\/p>\n<\/div>\n<p><!-- \/wp:group --><\/p>\n<\/div>\n<p><!-- \/wp:group --><!-- wp:group {\"metadata\":{\"name\":\"Item\"},\"align\":\"wide\",\"style\":{\"border\":{\"bottom\":{\"width\":\"1px\"}},\"spacing\":{\"padding\":{\"top\":\"32px\",\"bottom\":\"32px\"}}}} --><\/p>\n<div class=\"wp-block-group alignwide\" style=\"border-bottom-width: 1px; padding-top: 32px; padding-bottom: 32px;\">\n<p><!-- wp:group {\"style\":{\"spacing\":{\"blockGap\":\"4px\"}},\"layout\":{\"type\":\"flex\",\"orientation\":\"vertical\",\"flexWrap\":\"wrap\"}} --><\/p>\n<div class=\"wp-block-group\">\n<p><!-- wp:heading {\"level\":5,\"className\":\"is-event-name\"} --><\/p>\n<h5 class=\"p1\">Lindmaa, Laur Edvard. <a href=\"https:\/\/dspace.ut.ee\/items\/7a7e8559-400f-4bc5-af94-71a32fecced7\"><span class=\"s1\">Liidese arendamine ESTCube-2 kaamerate ja plasma piduri jaoks<\/span><\/a>, bakalaureuset\u00f6\u00f6, Tartu \u00dclikool<\/h5>\n<\/div>\n<\/div>\n<\/div>\n<p><!-- \/wp:paragraph --><\/p>\n<\/details>\n<p><!-- \/wp:details --><\/p>\t\t\t\t\t\t\t\t<\/div>\n\t\t\t\t<\/div>\n\t\t\t\t\t<\/div>\n\t\t\t\t<\/div>\n\t\t\t\t<\/div>","protected":false},"excerpt":{"rendered":"<p>The list of publications is being updated\u2026 \u00a0 2023 Toomast, Cathy. ESTCube-2 Mission Control System: Preparation for In-orbit Operation, Master Thesis, University of Tartu Lindmaa, Laur Edvard. Interface development for ESTCube-2 cameras and plasma brake, Bachelor&#8217;s Thesis, University of Tartu 2023 Toomast, Cathy. ESTCube-2 Mission Control System: Preparation for In-orbit Operation, Master Thesis, University of [&hellip;]<\/p>\n","protected":false},"author":239402985,"featured_media":0,"parent":0,"menu_order":10,"comment_status":"closed","ping_status":"closed","template":"","meta":{"_acf_changed":false,"_crdt_document":"","advanced_seo_description":"","jetpack_seo_html_title":"","jetpack_seo_noindex":false,"footnotes":""},"class_list":["post-1384","page","type-page","status-publish","hentry"],"acf":[],"jetpack_likes_enabled":true,"jetpack_sharing_enabled":true,"jetpack_shortlink":"https:\/\/wp.me\/PeXfCC-mk","jetpack-related-posts":[],"_links":{"self":[{"href":"https:\/\/tudengisatelliit.ee\/et\/wp-json\/wp\/v2\/pages\/1384","targetHints":{"allow":["GET"]}}],"collection":[{"href":"https:\/\/tudengisatelliit.ee\/et\/wp-json\/wp\/v2\/pages"}],"about":[{"href":"https:\/\/tudengisatelliit.ee\/et\/wp-json\/wp\/v2\/types\/page"}],"author":[{"embeddable":true,"href":"https:\/\/tudengisatelliit.ee\/et\/wp-json\/wp\/v2\/users\/239402985"}],"replies":[{"embeddable":true,"href":"https:\/\/tudengisatelliit.ee\/et\/wp-json\/wp\/v2\/comments?post=1384"}],"version-history":[{"count":100,"href":"https:\/\/tudengisatelliit.ee\/et\/wp-json\/wp\/v2\/pages\/1384\/revisions"}],"predecessor-version":[{"id":2954,"href":"https:\/\/tudengisatelliit.ee\/et\/wp-json\/wp\/v2\/pages\/1384\/revisions\/2954"}],"wp:attachment":[{"href":"https:\/\/tudengisatelliit.ee\/et\/wp-json\/wp\/v2\/media?parent=1384"}],"curies":[{"name":"wp","href":"https:\/\/api.w.org\/{rel}","templated":true}]}}